{"id":566,"date":"2023-08-29T16:20:36","date_gmt":"2023-08-29T20:20:36","guid":{"rendered":"https:\/\/www.raymetalltd.com\/conditions-utilisation-et-politique-confidentialite\/"},"modified":"2023-08-29T16:35:22","modified_gmt":"2023-08-29T20:35:22","slug":"terms-of-use-and-privacy-policy","status":"publish","type":"page","link":"https:\/\/www.raymetalltd.com\/en\/terms-of-use-and-privacy-policy\/","title":{"rendered":"Terms of Use and Privacy Policy"},"content":{"rendered":"","protected":false},"excerpt":{"rendered":"","protected":false},"author":1,"featured_media":0,"parent":0,"menu_order":0,"comment_status":"closed","ping_status":"closed","template":"","meta":{"_acf_changed":false,"_monsterinsights_skip_tracking":false,"_monsterinsights_sitenote_active":false,"_monsterinsights_sitenote_note":"","_monsterinsights_sitenote_category":0,"footnotes":""},"class_list":["post-566","page","type-page","status-publish","hentry"],"acf":[],"yoast_head":"<!-- This site is optimized with the Yoast SEO plugin v27.5 - https:\/\/yoast.com\/product\/yoast-seo-wordpress\/ -->\n<title>Terms of Use and Privacy Policy - Ray M\u00e9tal Lt\u00e9e<\/title>\n<meta name=\"robots\" content=\"index, follow, max-snippet:-1, max-image-preview:large, max-video-preview:-1\" \/>\n<link rel=\"canonical\" href=\"https:\/\/www.raymetalltd.com\/en\/terms-of-use-and-privacy-policy\/\" \/>\n<meta property=\"og:locale\" content=\"en_US\" \/>\n<meta property=\"og:type\" content=\"article\" \/>\n<meta property=\"og:title\" content=\"Terms of Use and Privacy Policy - Ray M\u00e9tal Lt\u00e9e\" \/>\n<meta property=\"og:url\" content=\"https:\/\/www.raymetalltd.com\/en\/terms-of-use-and-privacy-policy\/\" \/>\n<meta property=\"og:site_name\" content=\"Ray M\u00e9tal Lt\u00e9e\" \/>\n<meta property=\"article:modified_time\" content=\"2023-08-29T20:35:22+00:00\" \/>\n<meta name=\"twitter:card\" content=\"summary_large_image\" \/>\n<script type=\"application\/ld+json\" class=\"yoast-schema-graph\">{\"@context\":\"https:\\\/\\\/schema.org\",\"@graph\":[{\"@type\":\"WebPage\",\"@id\":\"https:\\\/\\\/www.raymetalltd.com\\\/en\\\/terms-of-use-and-privacy-policy\\\/\",\"url\":\"https:\\\/\\\/www.raymetalltd.com\\\/en\\\/terms-of-use-and-privacy-policy\\\/\",\"name\":\"Terms of Use and Privacy Policy - Ray M\u00e9tal Lt\u00e9e\",\"isPartOf\":{\"@id\":\"https:\\\/\\\/www.raymetalltd.com\\\/#website\"},\"datePublished\":\"2023-08-29T20:20:36+00:00\",\"dateModified\":\"2023-08-29T20:35:22+00:00\",\"breadcrumb\":{\"@id\":\"https:\\\/\\\/www.raymetalltd.com\\\/en\\\/terms-of-use-and-privacy-policy\\\/#breadcrumb\"},\"inLanguage\":\"en-US\",\"potentialAction\":[{\"@type\":\"ReadAction\",\"target\":[\"https:\\\/\\\/www.raymetalltd.com\\\/en\\\/terms-of-use-and-privacy-policy\\\/\"]}]},{\"@type\":\"BreadcrumbList\",\"@id\":\"https:\\\/\\\/www.raymetalltd.com\\\/en\\\/terms-of-use-and-privacy-policy\\\/#breadcrumb\",\"itemListElement\":[{\"@type\":\"ListItem\",\"position\":1,\"name\":\"Home\",\"item\":\"https:\\\/\\\/www.raymetalltd.com\\\/en\\\/\"},{\"@type\":\"ListItem\",\"position\":2,\"name\":\"Terms of Use and Privacy Policy\"}]},{\"@type\":\"WebSite\",\"@id\":\"https:\\\/\\\/www.raymetalltd.com\\\/#website\",\"url\":\"https:\\\/\\\/www.raymetalltd.com\\\/\",\"name\":\"Ray M\u00e9tal Lt\u00e9e\",\"description\":\"Fabricant de pi\u00e8ces d&#039;ancrage pour le bois\",\"publisher\":{\"@id\":\"https:\\\/\\\/www.raymetalltd.com\\\/#organization\"},\"potentialAction\":[{\"@type\":\"SearchAction\",\"target\":{\"@type\":\"EntryPoint\",\"urlTemplate\":\"https:\\\/\\\/www.raymetalltd.com\\\/?s={search_term_string}\"},\"query-input\":{\"@type\":\"PropertyValueSpecification\",\"valueRequired\":true,\"valueName\":\"search_term_string\"}}],\"inLanguage\":\"en-US\"},{\"@type\":\"Organization\",\"@id\":\"https:\\\/\\\/www.raymetalltd.com\\\/#organization\",\"name\":\"Ray M\u00e9tal Lt\u00e9e\",\"url\":\"https:\\\/\\\/www.raymetalltd.com\\\/\",\"logo\":{\"@type\":\"ImageObject\",\"inLanguage\":\"en-US\",\"@id\":\"https:\\\/\\\/www.raymetalltd.com\\\/#\\\/schema\\\/logo\\\/image\\\/\",\"url\":\"https:\\\/\\\/www.raymetalltd.com\\\/wp-content\\\/uploads\\\/2017\\\/12\\\/job-good-fellow.jpg\",\"contentUrl\":\"https:\\\/\\\/www.raymetalltd.com\\\/wp-content\\\/uploads\\\/2017\\\/12\\\/job-good-fellow.jpg\",\"width\":2000,\"height\":1124,\"caption\":\"Ray M\u00e9tal Lt\u00e9e\"},\"image\":{\"@id\":\"https:\\\/\\\/www.raymetalltd.com\\\/#\\\/schema\\\/logo\\\/image\\\/\"}}]}<\/script>\n<!-- \/ Yoast SEO plugin. -->","yoast_head_json":{"title":"Terms of Use and Privacy Policy - Ray M\u00e9tal Lt\u00e9e","robots":{"index":"index","follow":"follow","max-snippet":"max-snippet:-1","max-image-preview":"max-image-preview:large","max-video-preview":"max-video-preview:-1"},"canonical":"https:\/\/www.raymetalltd.com\/en\/terms-of-use-and-privacy-policy\/","og_locale":"en_US","og_type":"article","og_title":"Terms of Use and Privacy Policy - Ray M\u00e9tal Lt\u00e9e","og_url":"https:\/\/www.raymetalltd.com\/en\/terms-of-use-and-privacy-policy\/","og_site_name":"Ray M\u00e9tal Lt\u00e9e","article_modified_time":"2023-08-29T20:35:22+00:00","twitter_card":"summary_large_image","schema":{"@context":"https:\/\/schema.org","@graph":[{"@type":"WebPage","@id":"https:\/\/www.raymetalltd.com\/en\/terms-of-use-and-privacy-policy\/","url":"https:\/\/www.raymetalltd.com\/en\/terms-of-use-and-privacy-policy\/","name":"Terms of Use and Privacy Policy - Ray M\u00e9tal Lt\u00e9e","isPartOf":{"@id":"https:\/\/www.raymetalltd.com\/#website"},"datePublished":"2023-08-29T20:20:36+00:00","dateModified":"2023-08-29T20:35:22+00:00","breadcrumb":{"@id":"https:\/\/www.raymetalltd.com\/en\/terms-of-use-and-privacy-policy\/#breadcrumb"},"inLanguage":"en-US","potentialAction":[{"@type":"ReadAction","target":["https:\/\/www.raymetalltd.com\/en\/terms-of-use-and-privacy-policy\/"]}]},{"@type":"BreadcrumbList","@id":"https:\/\/www.raymetalltd.com\/en\/terms-of-use-and-privacy-policy\/#breadcrumb","itemListElement":[{"@type":"ListItem","position":1,"name":"Home","item":"https:\/\/www.raymetalltd.com\/en\/"},{"@type":"ListItem","position":2,"name":"Terms of Use and Privacy Policy"}]},{"@type":"WebSite","@id":"https:\/\/www.raymetalltd.com\/#website","url":"https:\/\/www.raymetalltd.com\/","name":"Ray M\u00e9tal Lt\u00e9e","description":"Fabricant de pi\u00e8ces d&#039;ancrage pour le bois","publisher":{"@id":"https:\/\/www.raymetalltd.com\/#organization"},"potentialAction":[{"@type":"SearchAction","target":{"@type":"EntryPoint","urlTemplate":"https:\/\/www.raymetalltd.com\/?s={search_term_string}"},"query-input":{"@type":"PropertyValueSpecification","valueRequired":true,"valueName":"search_term_string"}}],"inLanguage":"en-US"},{"@type":"Organization","@id":"https:\/\/www.raymetalltd.com\/#organization","name":"Ray M\u00e9tal Lt\u00e9e","url":"https:\/\/www.raymetalltd.com\/","logo":{"@type":"ImageObject","inLanguage":"en-US","@id":"https:\/\/www.raymetalltd.com\/#\/schema\/logo\/image\/","url":"https:\/\/www.raymetalltd.com\/wp-content\/uploads\/2017\/12\/job-good-fellow.jpg","contentUrl":"https:\/\/www.raymetalltd.com\/wp-content\/uploads\/2017\/12\/job-good-fellow.jpg","width":2000,"height":1124,"caption":"Ray M\u00e9tal Lt\u00e9e"},"image":{"@id":"https:\/\/www.raymetalltd.com\/#\/schema\/logo\/image\/"}}]}},"_links":{"self":[{"href":"https:\/\/www.raymetalltd.com\/en\/wp-json\/wp\/v2\/pages\/566","targetHints":{"allow":["GET"]}}],"collection":[{"href":"https:\/\/www.raymetalltd.com\/en\/wp-json\/wp\/v2\/pages"}],"about":[{"href":"https:\/\/www.raymetalltd.com\/en\/wp-json\/wp\/v2\/types\/page"}],"author":[{"embeddable":true,"href":"https:\/\/www.raymetalltd.com\/en\/wp-json\/wp\/v2\/users\/1"}],"replies":[{"embeddable":true,"href":"https:\/\/www.raymetalltd.com\/en\/wp-json\/wp\/v2\/comments?post=566"}],"version-history":[{"count":2,"href":"https:\/\/www.raymetalltd.com\/en\/wp-json\/wp\/v2\/pages\/566\/revisions"}],"predecessor-version":[{"id":568,"href":"https:\/\/www.raymetalltd.com\/en\/wp-json\/wp\/v2\/pages\/566\/revisions\/568"}],"wp:attachment":[{"href":"https:\/\/www.raymetalltd.com\/en\/wp-json\/wp\/v2\/media?parent=566"}],"curies":[{"name":"wp","href":"https:\/\/api.w.org\/{rel}","templated":true}]}}